{"id":248,"date":"2018-07-19T23:48:26","date_gmt":"2018-07-19T20:48:26","guid":{"rendered":"http:\/\/2019.brs.org.tr\/?page_id=248"},"modified":"2023-03-21T11:58:33","modified_gmt":"2023-03-21T08:58:33","slug":"konaklama","status":"publish","type":"page","link":"https:\/\/2023.brs.org.tr\/index.php\/konaklama\/","title":{"rendered":"Konaklama"},"content":{"rendered":"<p><strong>SD\u00dc Konukevi \/ ISPARTA<\/strong><\/p>\n<p>\u0130stiklal Mah. Hac\u0131 \u0130brahim Parlar Cad. M\u00fcze alt\u0131 Isparta Merkez<\/p>\n<p>http:\/\/konukevi.sdu.edu.tr\/\u00a0 \u00a0 \u00a0 \u00a0E-Posta: konukevi@sdu.edu.tr<\/p>\n<p>Telefon: 0 (246) 232 3560\u00a0 \u00a0 \u00a0Telefon 2 :0 (246) 223 6760\u00a0 \u00a0\u00a0Faks:0 (246) 223 4480<\/p>\n<p><strong>(Depremzedeler kalmakta olup ikinci bir emre kadar rezervasyon al\u0131nmamaktad\u0131r). <\/strong><\/p>\n<p>&#8230;&#8230;&#8230;.<\/p>\n<p><strong>IYA\u015e Parkotel<\/strong><\/p>\n<p>\u00c7elebiler Mah No: 1, Isparta (\u015eEH\u0130R MERKEZ\u0130)<\/p>\n<p>Tel: 0246 5000 5 500<\/p>\n<p><strong>(15 oda ayr\u0131lm\u0131\u015ft\u0131r. Beyin Okulu T\u0131p Kongresi i\u00e7in ar\u0131yoruz denilmelidir). <\/strong><\/p>\n<p>&#8230;&#8230;&#8230;&#8230;<\/p>\n<p><strong>ISPARTA \u00d6\u011fretmenevi<\/strong> (\u015eehir Merkezi)<\/p>\n<p>Tel: 0246 232 5182<\/p>\n<p>&#8230;&#8230;&#8230;&#8230;<\/p>\n<p><strong>Isparta Polisevi<\/strong><\/p>\n<p>Telefon:+90 246 242 96 55<\/p>\n<p>Cep Telefon:+90 505 318 32 02<\/p>\n<p>Adres: Hal\u0131kent Mahallesi\u00a0ISPARTA<\/p>\n<p><strong>(Depremzedeler kalmakta olup ikinci bir emre kadar rezervasyon al\u0131nmamaktad\u0131r).<\/strong><\/p>\n<p>&#8230;&#8230;&#8230;&#8230;<\/p>\n<p><strong>Barida Hotels<\/strong><\/p>\n<p>Bah\u00e7elievler S\u00fcleyman Demirel Cad.102. Cd, D:No:81,<\/p>\n<p>32040 Merkez\/Isparta<\/p>\n<p>0 (246) 500 25 25<\/p>\n","protected":false},"excerpt":{"rendered":"<p>SD\u00dc Konukevi \/ ISPARTA \u0130stiklal Mah. Hac\u0131 \u0130brahim Parlar Cad. M\u00fcze alt\u0131 Isparta Merkez http:\/\/konukevi.sdu.edu.tr\/\u00a0 \u00a0 \u00a0 \u00a0E-Posta: konukevi@sdu.edu.tr Telefon: 0 (246) 232 3560\u00a0 \u00a0 \u00a0Telefon 2 :0 (246) 223 6760\u00a0 \u00a0\u00a0Faks:0 (246) 223 4480 (Depremzedeler kalmakta olup ikinci bir emre kadar rezervasyon al\u0131nmamaktad\u0131r). &#8230;&#8230;&#8230;. IYA\u015e Parkotel \u00c7elebiler Mah No: 1, Isparta (\u015eEH\u0130R MERKEZ\u0130) Tel: 0246 5000 5 500 (15 oda ayr\u0131lm\u0131\u015ft\u0131r. Beyin Okulu T\u0131p Kongresi i\u00e7in ar\u0131yoruz denilmelidir). &#8230;&#8230;&#8230;&#8230;&hellip; <\/p>\n","protected":false},"author":1,"featured_media":0,"parent":0,"menu_order":0,"comment_status":"closed","ping_status":"closed","template":"","meta":{"footnotes":""},"class_list":["post-248","page","type-page","status-publish","hentry"],"_links":{"self":[{"href":"https:\/\/2023.brs.org.tr\/index.php\/wp-json\/wp\/v2\/pages\/248","targetHints":{"allow":["GET"]}}],"collection":[{"href":"https:\/\/2023.brs.org.tr\/index.php\/wp-json\/wp\/v2\/pages"}],"about":[{"href":"https:\/\/2023.brs.org.tr\/index.php\/wp-json\/wp\/v2\/types\/page"}],"author":[{"embeddable":true,"href":"https:\/\/2023.brs.org.tr\/index.php\/wp-json\/wp\/v2\/users\/1"}],"replies":[{"embeddable":true,"href":"https:\/\/2023.brs.org.tr\/index.php\/wp-json\/wp\/v2\/comments?post=248"}],"version-history":[{"count":10,"href":"https:\/\/2023.brs.org.tr\/index.php\/wp-json\/wp\/v2\/pages\/248\/revisions"}],"predecessor-version":[{"id":2212,"href":"https:\/\/2023.brs.org.tr\/index.php\/wp-json\/wp\/v2\/pages\/248\/revisions\/2212"}],"wp:attachment":[{"href":"https:\/\/2023.brs.org.tr\/index.php\/wp-json\/wp\/v2\/media?parent=248"}],"curies":[{"name":"wp","href":"https:\/\/api.w.org\/{rel}","templated":true}]}}