{"id":661,"date":"2019-01-10T10:51:19","date_gmt":"2019-01-10T07:51:19","guid":{"rendered":"http:\/\/2019.brs.org.tr\/?page_id=661"},"modified":"2023-03-05T21:58:05","modified_gmt":"2023-03-05T18:58:05","slug":"konusma","status":"publish","type":"page","link":"https:\/\/2023.brs.org.tr\/index.php\/konusma\/","title":{"rendered":"Konu\u015fmac\u0131lar"},"content":{"rendered":"<h4><img loading=\"lazy\" decoding=\"async\" class=\"alignnone wp-image-2183 size-thumbnail\" src=\"https:\/\/2023.brs.org.tr\/wp-content\/uploads\/2023\/03\/ana-e1678042366707-150x150.jpg\" alt=\"\" width=\"150\" height=\"150\" \/><\/h4>\n<h4><em><strong>Dr. Ana Nogueira Freitas PEIGNEUR (Leuven, Belgium)\u00a0<\/strong><\/em><\/h4>\n<p><span style=\"font-family: 'Calibri',sans-serif; color: black;\">Laboratory of ion channel research (LICR),<\/span><\/p>\n<p><a href=\"https:\/\/2023.brs.org.tr\/wp-content\/uploads\/2023\/03\/Ana-CV_Isparta_meeting.pdf\">Click here to view cv<\/a><\/p>\n<h4><img loading=\"lazy\" decoding=\"async\" class=\"alignnone size-thumbnail wp-image-504\" src=\"https:\/\/2023.brs.org.tr\/wp-content\/uploads\/2018\/09\/denis-150x150.jpg\" alt=\"\" width=\"150\" height=\"150\" srcset=\"https:\/\/2023.brs.org.tr\/wp-content\/uploads\/2018\/09\/denis-150x150.jpg 150w, https:\/\/2023.brs.org.tr\/wp-content\/uploads\/2018\/09\/denis-298x300.jpg 298w, https:\/\/2023.brs.org.tr\/wp-content\/uploads\/2018\/09\/denis.jpg 496w\" sizes=\"auto, (max-width: 150px) 100vw, 150px\" \/><\/h4>\n<h4><em><strong><span lang=\"en-GB\"><span lang=\"en-US\">Dr. Denis ROUSSEAU\u00a0<\/span><\/span><\/strong><\/em><em><strong>(<span lang=\"en-US\">Grenoble, Fransa<\/span>)<\/strong><\/em><\/h4>\n<p><span lang=\"en-US\">Department of Biology, Science Faculty, Joseph Fourier University,\u00a0<\/span><\/p>\n<p><a href=\"http:\/\/2020.brs.org.tr\/wp-content\/uploads\/2019\/10\/DEN\u0130S-CV.pdf\">Click here to view cv<\/a>.<\/p>\n<p><img loading=\"lazy\" decoding=\"async\" class=\"alignnone size-thumbnail wp-image-2109\" src=\"https:\/\/2023.brs.org.tr\/wp-content\/uploads\/2023\/01\/maria2-150x150.jpg\" alt=\"\" width=\"150\" height=\"150\" \/><\/p>\n<h4><em><strong>Dr. Marie MULIER (Leuven, Bel\u00e7ika)<\/strong><\/em><\/h4>\n<p>Laboratory of ion channel research (LICR)<\/p>\n<p>Click here to view cv<\/p>\n<h4><strong><img loading=\"lazy\" decoding=\"async\" class=\"alignnone size-thumbnail wp-image-1094\" src=\"https:\/\/2023.brs.org.tr\/wp-content\/uploads\/2019\/10\/marco-150x150.jpg\" alt=\"\" width=\"150\" height=\"150\" \/><\/strong><\/h4>\n<h4><strong>Dr. Marco CANEPARI<\/strong>\u00a0<em><strong>(<span lang=\"en-US\">Grenoble, Fransa<\/span>)<\/strong><\/em><\/h4>\n<p>Equipe MOTIV, Laboratoire Interdisciplinaire de Physique (LIPhy),\u00a0Universit\u00e9 Grenoble Alpes,<\/p>\n<p><a href=\"http:\/\/2020.brs.org.tr\/wp-content\/uploads\/2019\/10\/CV_Canepari.pdf\">Click here to view cv<\/a><\/p>\n<p><img loading=\"lazy\" decoding=\"async\" class=\"alignnone wp-image-325 size-thumbnail\" src=\"http:\/\/2019.brs.org.tr\/wp-content\/uploads\/2018\/07\/naz2-150x150.jpg\" alt=\"\" width=\"150\" height=\"150\" \/><\/p>\n<h4><em><strong>Dr. Mustafa NAZIRO\u011eLU (Isparta, T\u00fcrkiye)<\/strong><\/em><\/h4>\n<p>S\u00fcleyman Demirel \u00dcniversitesi T\u0131p Fak\u00fcltesi Biyofizik A.D.<\/p>\n<p><a href=\"http:\/\/2019.brs.org.tr\/wp-content\/uploads\/2018\/07\/nazir.pdf\">Click here to view cv<\/a><\/p>\n<h4><em><strong><img loading=\"lazy\" decoding=\"async\" class=\"alignnone size-thumbnail wp-image-1509\" src=\"https:\/\/2023.brs.org.tr\/wp-content\/uploads\/2021\/02\/Abumaria-150x150.jpg\" alt=\"\" width=\"150\" height=\"150\" \/><\/strong><\/em><\/h4>\n<h4><em><strong>Dr.\u00a0<\/strong><\/em><strong><em>Nashat Abumaria (Shanghai, \u00c7in)<\/em> <\/strong><\/h4>\n<p>State Key Laboratory of Medical Neurobiology and MOE Frontiers Center for Brain Science,<\/p>\n<p>Institutes of Brain Science, Fudan University,<\/p>\n<p><a href=\"https:\/\/2022.brs.org.tr\/wp-content\/uploads\/2021\/10\/2022-NAbumaria-biography.pdf\">Click here to view cv<\/a><\/p>\n<p><img loading=\"lazy\" decoding=\"async\" class=\"alignnone wp-image-696 size-thumbnail\" src=\"http:\/\/2018.brs.org.tr\/wp-content\/uploads\/2018\/02\/simon-150x150.jpg\" alt=\"\" width=\"150\" height=\"150\" \/><\/p>\n<h4><em><strong><span lang=\"en-US\">Dr. Simon HEBEISEN (Biningen, \u0130svi\u00e7re)<\/span><\/strong><\/em><\/h4>\n<p><span style=\"font-family: times new roman,times; font-size: 12pt; color: #000000;\">B\u2019SYS Analytics GmbH<\/span><\/p>\n<p><a href=\"http:\/\/2018.brs.org.tr\/wp-content\/uploads\/2018\/02\/Biosketch-Simon-Hebeisen.pdf\"><span lang=\"en-US\">Click here to view cv<\/span><\/a><\/p>\n<p><img loading=\"lazy\" decoding=\"async\" class=\"alignnone size-thumbnail wp-image-1540\" src=\"https:\/\/2023.brs.org.tr\/wp-content\/uploads\/2021\/06\/xu-150x150.jpg\" alt=\"\" width=\"150\" height=\"150\" \/><\/p>\n<h4><em><strong>Dr. Xinhua SHU (Glasgow, \u0130ngiltere)<\/strong><\/em><\/h4>\n<p>School of Health and Life Sciences of Glasgow Caledonian University,<\/p>\n<p><a href=\"http:\/\/2019.brs.org.tr\/wp-content\/uploads\/2019\/03\/Shu-BRS-2019-Brief-CV.pdf\">Click here to view cv<\/a><\/p>\n","protected":false},"excerpt":{"rendered":"<p>Dr. Ana Nogueira Freitas PEIGNEUR (Leuven, Belgium)\u00a0 Laboratory of ion channel research (LICR), Click here to view cv Dr. Denis ROUSSEAU\u00a0(Grenoble, Fransa) Department of Biology, Science Faculty, Joseph Fourier University,\u00a0 Click here to view cv. Dr. Marie MULIER (Leuven, Bel\u00e7ika) Laboratory of ion channel research (LICR) Click here to view cv Dr. Marco CANEPARI\u00a0(Grenoble, Fransa) Equipe MOTIV, Laboratoire Interdisciplinaire de Physique (LIPhy),\u00a0Universit\u00e9 Grenoble Alpes, Click here to view cv Dr.&hellip; <\/p>\n","protected":false},"author":1,"featured_media":0,"parent":0,"menu_order":0,"comment_status":"closed","ping_status":"closed","template":"","meta":{"footnotes":""},"class_list":["post-661","page","type-page","status-publish","hentry"],"_links":{"self":[{"href":"https:\/\/2023.brs.org.tr\/index.php\/wp-json\/wp\/v2\/pages\/661","targetHints":{"allow":["GET"]}}],"collection":[{"href":"https:\/\/2023.brs.org.tr\/index.php\/wp-json\/wp\/v2\/pages"}],"about":[{"href":"https:\/\/2023.brs.org.tr\/index.php\/wp-json\/wp\/v2\/types\/page"}],"author":[{"embeddable":true,"href":"https:\/\/2023.brs.org.tr\/index.php\/wp-json\/wp\/v2\/users\/1"}],"replies":[{"embeddable":true,"href":"https:\/\/2023.brs.org.tr\/index.php\/wp-json\/wp\/v2\/comments?post=661"}],"version-history":[{"count":69,"href":"https:\/\/2023.brs.org.tr\/index.php\/wp-json\/wp\/v2\/pages\/661\/revisions"}],"predecessor-version":[{"id":2186,"href":"https:\/\/2023.brs.org.tr\/index.php\/wp-json\/wp\/v2\/pages\/661\/revisions\/2186"}],"wp:attachment":[{"href":"https:\/\/2023.brs.org.tr\/index.php\/wp-json\/wp\/v2\/media?parent=661"}],"curies":[{"name":"wp","href":"https:\/\/api.w.org\/{rel}","templated":true}]}}